{"id":2,"date":"2022-11-01T13:14:26","date_gmt":"2022-11-01T12:14:26","guid":{"rendered":"http:\/\/www.flute-shakuhachi.com\/flutesha\/?page_id=2"},"modified":"2024-09-01T19:49:46","modified_gmt":"2024-09-01T17:49:46","slug":"cours","status":"publish","type":"page","link":"http:\/\/www.flute-shakuhachi.com\/flutesha\/index.php\/cours\/","title":{"rendered":"Cours de shakuhachi"},"content":{"rendered":"\n<p>Le d\u00e9partement <em>Musiques du monde<\/em> du r\u00e9seau des conservatoires du Grand-Orly Seine Bi\u00e8vre propose aux \u00e9l\u00e8ves de shakuhachi un cursus complet comprenant cours individuels et pratiques collectives. Ce dispositif unique en Europe permet aux \u00e9l\u00e8ves d&rsquo;apprivoiser puis ma\u00eetriser les diff\u00e9rents r\u00e9pertoires de l&rsquo;instrument en solo, en ensemble de shakuhachi ou en formation traditionnelle <em>sankyoku<\/em> (shamisen, koto et shakuhachi).<\/p>\n\n\n\n<p>Le nombre de places est tr\u00e8s limit\u00e9, <a href=\"https:\/\/sortir.grandorlyseinebievre.fr\/culture\/conservatoires\/conservatoire-du-kremlin-bicetre-musique-danse-theatre\">contacter le conservatoire \u00e0 rayonnement intercommunal du Kremlin-Bic\u00eatre<\/a> avant la rentr\u00e9e de septembre.<\/p>\n\n\n\n<p>Pour les cours particuliers, en visio ou l&rsquo;organisation de stages, <a href=\"http:\/\/www.flute-shakuhachi.com\/flutesha\/index.php\/contact\/\">me contacter via le formulaire<\/a>.<\/p>\n\n\n\n<p><\/p>\n","protected":false},"excerpt":{"rendered":"<p>Le d\u00e9partement Musiques du monde du r\u00e9seau des conservatoires du Grand-Orly Seine Bi\u00e8vre propose aux \u00e9l\u00e8ves de shakuhachi un cursus complet comprenant cours individuels et pratiques collectives. Ce dispositif unique en Europe permet aux \u00e9l\u00e8ves d&rsquo;apprivoiser puis ma\u00eetriser les diff\u00e9rents r\u00e9pertoires de l&rsquo;instrument en solo, en ensemble de shakuhachi ou en formation traditionnelle sankyoku (shamisen, &hellip; <\/p>\n<p class=\"link-more\"><a href=\"http:\/\/www.flute-shakuhachi.com\/flutesha\/index.php\/cours\/\" class=\"more-link\">Continuer la lecture<span class=\"screen-reader-text\"> de &laquo;&nbsp;Cours de shakuhachi&nbsp;&raquo;<\/span><\/a><\/p>\n","protected":false},"author":1,"featured_media":106,"parent":0,"menu_order":0,"comment_status":"closed","ping_status":"open","template":"","meta":{"footnotes":""},"class_list":["post-2","page","type-page","status-publish","has-post-thumbnail","hentry"],"_links":{"self":[{"href":"http:\/\/www.flute-shakuhachi.com\/flutesha\/index.php\/wp-json\/wp\/v2\/pages\/2","targetHints":{"allow":["GET"]}}],"collection":[{"href":"http:\/\/www.flute-shakuhachi.com\/flutesha\/index.php\/wp-json\/wp\/v2\/pages"}],"about":[{"href":"http:\/\/www.flute-shakuhachi.com\/flutesha\/index.php\/wp-json\/wp\/v2\/types\/page"}],"author":[{"embeddable":true,"href":"http:\/\/www.flute-shakuhachi.com\/flutesha\/index.php\/wp-json\/wp\/v2\/users\/1"}],"replies":[{"embeddable":true,"href":"http:\/\/www.flute-shakuhachi.com\/flutesha\/index.php\/wp-json\/wp\/v2\/comments?post=2"}],"version-history":[{"count":3,"href":"http:\/\/www.flute-shakuhachi.com\/flutesha\/index.php\/wp-json\/wp\/v2\/pages\/2\/revisions"}],"predecessor-version":[{"id":115,"href":"http:\/\/www.flute-shakuhachi.com\/flutesha\/index.php\/wp-json\/wp\/v2\/pages\/2\/revisions\/115"}],"wp:featuredmedia":[{"embeddable":true,"href":"http:\/\/www.flute-shakuhachi.com\/flutesha\/index.php\/wp-json\/wp\/v2\/media\/106"}],"wp:attachment":[{"href":"http:\/\/www.flute-shakuhachi.com\/flutesha\/index.php\/wp-json\/wp\/v2\/media?parent=2"}],"curies":[{"name":"wp","href":"https:\/\/api.w.org\/{rel}","templated":true}]}}